{"id":1468,"date":"2023-08-11T13:03:40","date_gmt":"2023-08-11T13:03:40","guid":{"rendered":"https:\/\/autoservice-forscheln.com\/?page_id=1468"},"modified":"2023-08-11T13:27:40","modified_gmt":"2023-08-11T13:27:40","slug":"impressum","status":"publish","type":"page","link":"https:\/\/autoservice-forscheln.com\/nl\/impressum\/","title":{"rendered":"Impressum"},"content":{"rendered":"\t\t<div data-elementor-type=\"wp-page\" data-elementor-id=\"1468\" class=\"elementor elementor-1468 elementor-1467\" data-elementor-post-type=\"page\">\n\t\t\t\t\t\t<section data-dce-background-overlay-color=\"#000000C7\" data-dce-background-image-url=\"https:\/\/autoservice-forscheln.com\/wp-content\/uploads\/2023\/08\/IMG_3022-Large-1.jpg\" class=\"elementor-section elementor-top-section elementor-element elementor-element-7637f9c elementor-section-height-min-height elementor-section-boxed elementor-section-height-default elementor-section-items-middle\" data-id=\"7637f9c\" data-element_type=\"section\" data-settings=\"{&quot;background_background&quot;:&quot;classic&quot;}\">\n\t\t\t\t\t\t\t<div class=\"elementor-background-overlay\"><\/div>\n\t\t\t\t\t\t\t<div class=\"elementor-container elementor-column-gap-default\">\n\t\t\t\t\t<div class=\"elementor-column elementor-col-100 elementor-top-column elementor-element elementor-element-deaa6ec\" data-id=\"deaa6ec\" data-element_type=\"column\">\n\t\t\t<div class=\"elementor-widget-wrap\">\n\t\t\t\t\t\t\t<\/div>\n\t\t<\/div>\n\t\t\t\t\t<\/div>\n\t\t<\/section>\n\t\t\t\t<section data-dce-background-image-url=\"https:\/\/www.autoservice-forscheln.com\/wp-content\/uploads\/2021\/05\/digital-marketing-agency-arc-stroke-white-grad-2.svg\" class=\"elementor-section elementor-top-section elementor-element elementor-element-9c8b34a elementor-section-boxed elementor-section-height-default elementor-section-height-default\" data-id=\"9c8b34a\" data-element_type=\"section\" data-settings=\"{&quot;background_background&quot;:&quot;classic&quot;}\">\n\t\t\t\t\t\t<div class=\"elementor-container elementor-column-gap-no\">\n\t\t\t\t\t<div class=\"elementor-column elementor-col-100 elementor-top-column elementor-element elementor-element-dae91c5\" data-id=\"dae91c5\" data-element_type=\"column\">\n\t\t\t<div class=\"elementor-widget-wrap elementor-element-populated\">\n\t\t\t\t\t\t<div class=\"elementor-element elementor-element-629407b elementor-widget elementor-widget-heading\" data-id=\"629407b\" data-element_type=\"widget\" data-widget_type=\"heading.default\">\n\t\t\t\t<div class=\"elementor-widget-container\">\n\t\t\t\t\t<h2 class=\"elementor-heading-title elementor-size-default\">Impressum<\/h2>\t\t\t\t<\/div>\n\t\t\t\t<\/div>\n\t\t\t\t<div class=\"elementor-element elementor-element-ed09161 elementor-widget elementor-widget-text-editor\" data-id=\"ed09161\" data-element_type=\"widget\" data-widget_type=\"text-editor.default\">\n\t\t\t\t<div class=\"elementor-widget-container\">\n\t\t\t\t\t\t\t\t\t<h6>Autohaus Meures GmbH<\/h6><p>Ferdinand-Porsche-Str. 6<br \/>D &#8211; 52525 Heinsberg<\/p><h6>Gesch\u00e4ftsf\u00fchrer:<\/h6><p>Herr Willi Meures, Herr Christian Meures, Herr Thorsten Meures.<br \/>Telefon: +49 (0) 2452 &#8211; 99 91 0<br \/>Telefax: +49 (0) 24 52 &#8211; 99 91 49<br \/>E-Mail: info(at)autohaus-meures.de<\/p><p>Handelsregistergericht: Aachen<br \/>Handelsregisternummer: HRB 10308<br \/>USt.-ID-NR.: DE 122484292<\/p><p>Konzeption | Kreation | Realisation: scribble-werbeagentur.de<\/p><p>Alle unter der Adresse www.autohaus-meures.de erreichbaren Internetseiten sowie deren Textinhalte und Bildmaterialien sind urheberrechtlich gesch\u00fctzt. Vervielf\u00e4ltigung jeglicher Art auf Digitalen- oder Printmedien bedarf der schriftlichen Genehmigung des Herausgebers und Urhebers.<\/p><p>Hinweis gem\u00e4\u00df \u00a7 36 Verbraucherstreitbeilegungsgesetz (VSBG)<\/p><p>Der Verk\u00e4ufer wird nicht an einem Streitbeilegungsverfahren vor einer Verbraucherschlichtungsstelle im Sinne des VSBG teilnehmen und ist hierzu auch nicht verpflichtet.<\/p><h5>Urheberrecht \u00a9 Copyright 2011<\/h5><p>Diese Website wurde mit gr\u00f6\u00dftm\u00f6glicher Sorgfalt zusammengestellt. Trotzdem k\u00f6nnen wir die Fehlerfreiheit und Genauigkeit der enthaltenen Informationen nicht garantieren. Sollten wir in Urheberrechte Dritter eingegriffen oder Sie Fragen haben, bitten wir um sofortige Benachrichtigung. Der Inhalt dieser Web-Site ist urheberrechtlich gesch\u00fctzt. Die Bereitstellung im Internet gibt Ihnen dennoch das Recht, das bereitgestellte Material zu privaten Zwecken zu speichern und zu vervielf\u00e4ltigen. Kommerzielle Nutzung zur Weiterver\u00f6ffentlichung oder kostenlosen Verteilung nur in Absprache mit der Autohaus Meures GmbH. Auch diese Hinweise unterliegen der Aktualisierung.<\/p><h5>Haftung<\/h5><p>Die Autohaus Meures GmbH bem\u00fcht sich, auf dieser Web-Site nur vollst\u00e4ndige und richtige Informationen zu ver\u00f6ffentlichen, kann aber keine Haftung oder Garantie f\u00fcr Aktualit\u00e4t, Richtigkeit und Vollst\u00e4ndigkeit der Informationen \u00fcbernehmen. Diese Site ist st\u00e4ndig Ver\u00e4nderungen und Erg\u00e4nzungen unterworfen, die der Aktualisierung und Vervollst\u00e4ndigung der angebotenen Informationen und Funktionen dienen. Der Herausgeber der Site, die Autohaus Meures GmbH, haftet nicht f\u00fcr direkte oder indirekte Sch\u00e4den, einschlie\u00dflich entgangenen Gewinns, die mit der Nutzung des Informations- und Funktionsangebots dieser Site in Verbindung gebracht werden k\u00f6nnen. Dies gilt insbesondere auch f\u00fcr die ausgewiesenen Links (Verbindungen) zu anderen Sites, auf die die Autohaus Meures GmbH keinen Einfluss hat und f\u00fcr deren Inhalt keine Verantwortung \u00fcbernommen werden kann. Datenschutz Die Autohaus Meures GmbH verpflichtet sich, die Privatsph\u00e4re und das Pers\u00f6nlichkeitsrecht aller Personen zu sch\u00fctzen, die mit uns auf dem Wege des Internets kommunizieren. Personenbezogenen Daten, die uns per Internet \u00fcbermittelt werden, behandeln wir vertraulich. Die Basis hierzu sind die jeweils geltenden gesetzlichen Bestimmungen: das Bundesdatenschutzgesetz (BDSG), das Teledienstedatenschutzgesetz (TDDSG) sowie das Teledienstegesetz (TDG). Diese Website benutzt Google Analytics, einen Webanalysedienst der Google Inc. (&#8220;Google&#8221;). Google Analytics verwendet sog. &#8220;Cookies&#8221;, Textdateien, die auf Ihrem Computer gespeichert werden und die eine Analyse der Benutzung der Website durch Sie erm\u00f6glicht. Die durch den Cookie erzeugten Informationen \u00fcber Ihre Benutzung dieser Website (einschlie\u00dflich Ihrer IP-Adresse) wird an einen Server von Google in den USA \u00fcbertragen und dort gespeichert. Google wird diese Informationen benutzen, um Ihre Nutzung der Website auszuwerten, um Reports \u00fcber die Websiteaktivit\u00e4ten f\u00fcr die Websitebetreiber zusammenzustellen und um weitere mit der Websitenutzung und der Internetnutzung verbundene Dienstleistungen zu erbringen. Auch wird Google diese Informationen gegebenenfalls an Dritte \u00fcbertragen, sofern dies gesetzlich vorgeschrieben oder soweit Dritte diese Daten im Auftrag von Google verarbeiten. Google wird in keinem Fall Ihre IP-Adresse mit anderen Daten, die von Google gespeichert werden, in Verbindung bringen. Sie k\u00f6nnen die Installation der Cookies durch eine entsprechende Einstellung Ihrer Browser Software verhindern; wir weisen Sie jedoch darauf hin, dass Sie in diesem Fall gegebenenfalls nicht s\u00e4mtliche Funktionen dieser Website voll umf\u00e4nglich nutzen k\u00f6nnen. Durch die Nutzung dieser Website erkl\u00e4ren Sie sich mit der Bearbeitung der \u00fcber Sie erhobenen Daten durch Google in der zuvor beschriebenen Art und Weise und zu dem zuvor benannten Zweck einverstanden.<\/p><h5>Welche Informationen sammeln wir?<\/h5><p>Zu statistischen Zwecken speichern wir den Namen der angeforderten Internetseite, das Datum und die Uhrzeit des Seitenaufrufs sowie die \u00fcbertragene Datenmenge. Dar\u00fcber hinaus, ob die \u00dcbertragung der Information erfolgreich war und \u00fcber welchen Provider der Zugriff erfolgte.<\/p><h5>Disclaimer<\/h5><p>Autohaus Meures GmbH ist als Inhaltsanbieter nach \u00a7 8 Teledienstegesetz f\u00fcr die eigenen Inhalte, die sie zur Nutzung bereith\u00e4lt, verantwortlich. Obwohl alle Inhalte sorgf\u00e4ltig gepr\u00fcft und st\u00e4ndig aktualisiert werden, kann eine Garantie f\u00fcr die Vollst\u00e4ndigkeit, Richtigkeit und letzte Aktualit\u00e4t jedoch nicht \u00fcbernommen werden. Autohaus Meures GmbH haftet daher nicht f\u00fcr Sch\u00e4den, die in Zusammenhang mit der Verwendung dieser Inhalte stehen. Von diesen eigenen Inhalten sind Querverweise &#8220;Links&#8221; auf die von anderen Anbietern bereitgehaltenen Inhalte zu unterscheiden. F\u00fcr diese &#8220;fremden&#8221; Inhalte ist Autohaus Meures GmbH nicht verantwortlich, da die \u00dcbermittlung der Information nicht veranlasst, den Adressaten der \u00fcbermittelten Informationen nicht ausw\u00e4hlt und die \u00fcbermittelten Informationen auch nicht ausgew\u00e4hlt oder ver\u00e4ndert hat. Auch eine automatische kurzzeitige Zwischenspeicherung dieser &#8220;fremden Informationen&#8221; erfolgt wegen der gew\u00e4hlten Aufruf- und Verlinkungsmethodik durch Autohaus Meures GmbH nicht, so dass sich auch dadurch keine Verantwortlichkeit v f\u00fcr diese fremden Inhalte ergibt. Bei &#8220;Links&#8221; handelt es sich allerdings stets um Verweisungen auf dynamische oder statische Internetauftritte Dritter. Autohaus Meures GmbH hat bei der erstmaligen Verkn\u00fcpfung zwar den fremden Inhalt daraufhin \u00fcberpr\u00fcft, ob durch ihn eine m\u00f6gliche zivilrechtliche oder strafrechtliche Verantwortlichkeit ausgel\u00f6st wird. Autohaus Meures GmbH ist aber nicht dazu verpflichtet, die Inhalte, auf die von der Website aus verwiesen wird, st\u00e4ndig auf Ver\u00e4nderungen zu \u00fcberpr\u00fcfen, die eine Verantwortlichkeit neu begr\u00fcnden k\u00f6nnten. Erst wenn Autohaus Meures GmbH feststellt oder von anderen darauf hingewiesen wird, dass ein konkretes Angebot, zu dem ein Link bereitgestellt wurde, eine zivil- oder strafrechtliche Verantwortlichkeit ausl\u00f6st, wird Autohaus Meures GmbH den Verweis auf dieses Angebot aufheben, soweit dies technisch m\u00f6glich und zumutbar ist. Die technische M\u00f6glichkeit und Zumutbarkeit wird nicht dadurch beeinflusst, dass auch nach Unterbindung des Zugriffs von der Homepage von Autohaus Meures GmbH von anderen Servern aus auf das rechtswidrige oder strafbare Angebot zugegriffen werden kann<\/p><h5>Benutzerregistrierung<\/h5><p>Wenn Sie auf unserer Website ein Registrierungsformular mit Kontaktinformationen ausf\u00fcllen, werden diese Informationen verwendet, um Ihnen angeforderte Produkt-Informationen, Nachrichten etc. zuzusenden. Ihre personenbezogenen Daten werden ausschlie\u00dflich zu diesen Zwecken verwendet und nicht an Dritte au\u00dferhalb der Autohaus Meures GmbH weitergegeben. Die Daten, die Sie uns online \u00fcbermitteln, werden nicht verschl\u00fcsselt. Wenn Sie beispielsweise keinen Newsletter mehr w\u00fcnschen, k\u00f6nnen Sie sich jederzeit aus der Registrierungsdatenbank l\u00f6schen lassen.<\/p><h5>E-Mail-Adressen<\/h5><p>Wenn Sie uns Ihre E-Mail-Adresse bekannt geben, kommunizieren wir mit Ihnen \u00fcber E-Mail. Wir werden diese Adresse jedoch nicht an Dritte au\u00dferhalb von Autohaus Meures GmbH weitergeben. Werden je nach Einstellung Ihres E-Mail-Programms personenbezogene Daten an uns \u00fcbermittelt, werden diese von uns vertraulich behandelt. Eine Verschl\u00fcsselung der \u00fcbertragenen Informationen innerhalb des Informationsaustausches erfolgt nicht.<\/p><p>Verantwortlicher im Sinne von \u00a7 18 Abs. 2 MStV: Willi Meures, Christian Meures, Thorsten Meures<br \/>Autohaus Meures GmbH<br \/>Ferdinand-Porsche-Str. 6<br \/>52525 Heinsberg<br \/>Deutschland<\/p>\t\t\t\t\t\t\t\t<\/div>\n\t\t\t\t<\/div>\n\t\t\t\t\t<\/div>\n\t\t<\/div>\n\t\t\t\t\t<\/div>\n\t\t<\/section>\n\t\t\t\t<\/div>\n\t\t","protected":false},"excerpt":{"rendered":"<p>Impressum Autohaus Meures GmbH Ferdinand-Porsche-Str. 6 D &#8211; 52525 Heinsberg Gesch\u00e4ftsf\u00fchrer: Herr Willi Meures, Herr Christian Meures, Herr Thorsten Meures. Telefon: +49 (0) 2452 &#8211; 99 91 0 Telefax: +49 (0) 24 52 &#8211; 99 91 49 E-Mail: info(at)autohaus-meures.de Handelsregistergericht: Aachen Handelsregisternummer: HRB 10308 USt.-ID-NR.: DE 122484292 Konzeption | Kreation | Realisation: scribble-werbeagentur.de Alle unter [&hellip;]<\/p>\n","protected":false},"author":1,"featured_media":0,"parent":0,"menu_order":0,"comment_status":"closed","ping_status":"closed","template":"","meta":{"site-sidebar-layout":"no-sidebar","site-content-layout":"page-builder","ast-site-content-layout":"default","site-content-style":"default","site-sidebar-style":"default","ast-global-header-display":"","ast-banner-title-visibility":"","ast-main-header-display":"","ast-hfb-above-header-display":"","ast-hfb-below-header-display":"","ast-hfb-mobile-header-display":"","site-post-title":"disabled","ast-breadcrumbs-content":"disabled","ast-featured-img":"disabled","footer-sml-layout":"","ast-disable-related-posts":"","theme-transparent-header-meta":"enabled","adv-header-id-meta":"","stick-header-meta":"","header-above-stick-meta":"","header-main-stick-meta":"","header-below-stick-meta":"","astra-migrate-meta-layouts":"default","ast-page-background-enabled":"default","ast-page-background-meta":{"desktop":{"background-color":"","background-image":"","background-repeat":"repeat","background-position":"center center","background-size":"auto","background-attachment":"scroll","background-type":"","background-media":"","overlay-type":"","overlay-color":"","overlay-opacity":"","overlay-gradient":""},"tablet":{"background-color":"","background-image":"","background-repeat":"repeat","background-position":"center center","background-size":"auto","background-attachment":"scroll","background-type":"","background-media":"","overlay-type":"","overlay-color":"","overlay-opacity":"","overlay-gradient":""},"mobile":{"background-color":"","background-image":"","background-repeat":"repeat","background-position":"center center","background-size":"auto","background-attachment":"scroll","background-type":"","background-media":"","overlay-type":"","overlay-color":"","overlay-opacity":"","overlay-gradient":""}},"ast-content-background-meta":{"desktop":{"background-color":"var(--ast-global-color-5)","background-image":"","background-repeat":"repeat","background-position":"center center","background-size":"auto","background-attachment":"scroll","background-type":"","background-media":"","overlay-type":"","overlay-color":"","overlay-opacity":"","overlay-gradient":""},"tablet":{"background-color":"var(--ast-global-color-5)","background-image":"","background-repeat":"repeat","background-position":"center center","background-size":"auto","background-attachment":"scroll","background-type":"","background-media":"","overlay-type":"","overlay-color":"","overlay-opacity":"","overlay-gradient":""},"mobile":{"background-color":"var(--ast-global-color-5)","background-image":"","background-repeat":"repeat","background-position":"center center","background-size":"auto","background-attachment":"scroll","background-type":"","background-media":"","overlay-type":"","overlay-color":"","overlay-opacity":"","overlay-gradient":""}},"footnotes":""},"class_list":["post-1468","page","type-page","status-publish","hentry"],"acf":[],"_links":{"self":[{"href":"https:\/\/autoservice-forscheln.com\/nl\/wp-json\/wp\/v2\/pages\/1468","targetHints":{"allow":["GET"]}}],"collection":[{"href":"https:\/\/autoservice-forscheln.com\/nl\/wp-json\/wp\/v2\/pages"}],"about":[{"href":"https:\/\/autoservice-forscheln.com\/nl\/wp-json\/wp\/v2\/types\/page"}],"author":[{"embeddable":true,"href":"https:\/\/autoservice-forscheln.com\/nl\/wp-json\/wp\/v2\/users\/1"}],"replies":[{"embeddable":true,"href":"https:\/\/autoservice-forscheln.com\/nl\/wp-json\/wp\/v2\/comments?post=1468"}],"version-history":[{"count":13,"href":"https:\/\/autoservice-forscheln.com\/nl\/wp-json\/wp\/v2\/pages\/1468\/revisions"}],"predecessor-version":[{"id":1494,"href":"https:\/\/autoservice-forscheln.com\/nl\/wp-json\/wp\/v2\/pages\/1468\/revisions\/1494"}],"wp:attachment":[{"href":"https:\/\/autoservice-forscheln.com\/nl\/wp-json\/wp\/v2\/media?parent=1468"}],"curies":[{"name":"wp","href":"https:\/\/api.w.org\/{rel}","templated":true}]}}